{"id":87,"date":"2020-12-01T18:55:15","date_gmt":"2020-12-01T18:55:15","guid":{"rendered":"http:\/\/apartjasmin.at\/?page_id=87"},"modified":"2024-05-12T18:15:13","modified_gmt":"2024-05-12T18:15:13","slug":"contact-us","status":"publish","type":"page","link":"https:\/\/apartjasmin.at\/en\/contact-us\/","title":{"rendered":"Contact Us"},"content":{"rendered":"<div class=\"wpb-content-wrapper\"><p>[vc_section][vc_row full_width=&#8221;stretch_row&#8221; css=&#8221;.vc_custom_1612606864379{padding-top: 70px !important;background-image: url(https:\/\/apartjasmin.at\/wp-content\/uploads\/2021\/02\/IMG_7109-scaled-e1612606794884.jpeg?id=1509) !important;background-position: center !important;background-repeat: no-repeat !important;background-size: cover !important;}&#8221;][vc_column width=&#8221;1\/2&#8243; el_class=&#8221;sohohotel-dark-contact-form&#8221;]<div class=\"sohohotel-title3 sohohotel-title-color\"><h4>Get In Touch<\/h4><\/div>\n<div class=\"wpcf7 no-js\" id=\"wpcf7-f83-o1\" lang=\"en-US\" dir=\"ltr\" data-wpcf7-id=\"83\">\n<div class=\"screen-reader-response\"><p role=\"status\" aria-live=\"polite\" aria-atomic=\"true\"><\/p> <ul><\/ul><\/div>\n<form action=\"\/en\/wp-json\/wp\/v2\/pages\/87#wpcf7-f83-o1\" method=\"post\" class=\"wpcf7-form init\" aria-label=\"Contact form\" novalidate=\"novalidate\" data-status=\"init\">\n<fieldset class=\"hidden-fields-container\"><input type=\"hidden\" name=\"_wpcf7\" value=\"83\" \/><input type=\"hidden\" name=\"_wpcf7_version\" value=\"6.1.5\" \/><input type=\"hidden\" name=\"_wpcf7_locale\" value=\"en_US\" \/><input type=\"hidden\" name=\"_wpcf7_unit_tag\" value=\"wpcf7-f83-o1\" \/><input type=\"hidden\" name=\"_wpcf7_container_post\" value=\"0\" \/><input type=\"hidden\" name=\"_wpcf7_posted_data_hash\" value=\"\" \/>\n<\/fieldset>\n<div class=\"sohohotel-clearfix\">\n\t<div class=\"sohohotel-one-half\">\n\t\t<p><label>Full Name:<\/label>\n\t\t<\/p>\n\t\t<p><span class=\"wpcf7-form-control-wrap\" data-name=\"your-name\"><input size=\"40\" maxlength=\"400\" class=\"wpcf7-form-control wpcf7-text wpcf7-validates-as-required\" aria-required=\"true\" aria-invalid=\"false\" value=\"\" type=\"text\" name=\"your-name\" \/><\/span>\n\t\t<\/p>\n\t<\/div>\n\t<div class=\"sohohotel-one-half\">\n\t\t<p><label>Number of Guests:<\/label>\n\t\t<\/p>\n\t\t<div class=\"sohohotel-select-wrapper\">\n\t\t\t<p><i class=\"fa fa-angle-down\"><\/i><span class=\"wpcf7-form-control-wrap\" data-name=\"number-of-guests\"><select class=\"wpcf7-form-control wpcf7-select\" aria-invalid=\"false\" name=\"number-of-guests\"><option value=\"1\">1<\/option><option value=\"2\">2<\/option><option value=\"3\">3<\/option><option value=\"4\">4<\/option><option value=\"5\">5<\/option><option value=\"6\">6<\/option><option value=\"7\">7<\/option><option value=\"8\">8<\/option><option value=\"9\">9<\/option><option value=\"10\">10<\/option><\/select><\/span>\n\t\t\t<\/p>\n\t\t<\/div>\n\t<\/div>\n<\/div>\n<div class=\"sohohotel-clearfix\">\n\t<div class=\"sohohotel-one-half\">\n\t\t<p><label>Check In:<\/label><span class=\"wpcf7-form-control-wrap\" data-name=\"check-in\"><input class=\"wpcf7-form-control wpcf7-date wpcf7-validates-as-date\" aria-invalid=\"false\" value=\"\" type=\"date\" name=\"check-in\" \/><\/span>\n\t\t<\/p>\n\t<\/div>\n\t<div class=\"sohohotel-one-half\">\n\t\t<p><label>Check Out:<\/label><span class=\"wpcf7-form-control-wrap\" data-name=\"check-out\"><input class=\"wpcf7-form-control wpcf7-date wpcf7-validates-as-date\" aria-invalid=\"false\" value=\"\" type=\"date\" name=\"check-out\" \/><\/span>\n\t\t<\/p>\n\t<\/div>\n<\/div>\n<div class=\"sohohotel-clearfix\">\n\t<p><label>Apartment Interested In:<\/label>\n\t<\/p>\n\t<div class=\"sohohotel-select-wrapper\">\n\t\t<p><i class=\"fa fa-angle-down\"><\/i><span class=\"wpcf7-form-control-wrap\" data-name=\"room-interested-in\"><select class=\"wpcf7-form-control wpcf7-select\" aria-invalid=\"false\" name=\"room-interested-in\"><option value=\"Apartment 1\">Apartment 1<\/option><option value=\"Apartment 2\">Apartment 2<\/option><option value=\"Apartment 3\">Apartment 3<\/option><option value=\"Apartment 4\">Apartment 4<\/option><\/select><\/span>\n\t\t<\/p>\n\t<\/div>\n<\/div>\n<div class=\"sohohotel-clearfix\">\n\t<div class=\"sohohotel-one-half\">\n\t\t<p><label>Your Email: <\/label><span class=\"wpcf7-form-control-wrap\" data-name=\"your-email\"><input size=\"40\" maxlength=\"400\" class=\"wpcf7-form-control wpcf7-email wpcf7-validates-as-required wpcf7-text wpcf7-validates-as-email\" aria-required=\"true\" aria-invalid=\"false\" value=\"\" type=\"email\" name=\"your-email\" \/><\/span>\n\t\t<\/p>\n\t<\/div>\n\t<div class=\"sohohotel-one-half\">\n\t\t<p><label>Phone Number: <\/label><span class=\"wpcf7-form-control-wrap\" data-name=\"phone-number\"><input size=\"40\" maxlength=\"400\" class=\"wpcf7-form-control wpcf7-tel wpcf7-text wpcf7-validates-as-tel\" aria-invalid=\"false\" value=\"\" type=\"tel\" name=\"phone-number\" \/><\/span>\n\t\t<\/p>\n\t<\/div>\n<\/div>\n<div class=\"sohohotel-clearfix\">\n\t<p><label>Special Requirements:<\/label><span class=\"wpcf7-form-control-wrap\" data-name=\"your-message\"><textarea cols=\"40\" rows=\"10\" maxlength=\"2000\" class=\"wpcf7-form-control wpcf7-textarea\" aria-invalid=\"false\" name=\"your-message\"><\/textarea><\/span>\n\t<\/p>\n<\/div>\n<p><input class=\"wpcf7-form-control wpcf7-submit has-spinner\" type=\"submit\" value=\"Send request\" \/>\n<\/p><div class=\"wpcf7-response-output\" aria-hidden=\"true\"><\/div>\n<\/form>\n<\/div>\n[vc_empty_space height=&#8221;40px&#8221;][\/vc_column][vc_column width=&#8221;1\/2&#8243;]<div class=\"sohohotel-title3 sohohotel-title-color\"><h4>Contact Details<\/h4><\/div>[vc_column_text]<i class=\"fas fa-map-marker-alt\" style=\"font-size: 28px; color: #b99470;\"><\/i><a style=\"text-decoration: none;\" href=\"https:\/\/www.google.com\/maps\/place\/Apart+Jasmin\/@47.342725,13.386062,16z\/data=!4m5!3m4!1s0x0:0x8919640456ac4a35!8m2!3d47.342725!4d13.386062?hl=en-US\"> Apart Jasmin, Oberhofweg 447, 5542 Flachau<\/a>[\/vc_column_text][vc_column_text]<i class=\"fa fa-phone\" style=\"font-size: 28px; color: #b99470;\"><\/i><a style=\"text-decoration: none;\" href=\"tel:+43 (0) 664 44 28 773\"> +43 (0) 664 44 28 773<\/a>[\/vc_column_text][vc_column_text]<i class=\"fa fa-envelope\" style=\"font-size: 28px; color: #b99470;\"><\/i><a style=\"text-decoration: none;\" href=\"mailto:office@apartjasmin.at\"> office@apartjasmin.at<\/a>[\/vc_column_text][vc_gmaps link=&#8221;#E-8_JTNDaWZyYW1lJTIwc3JjJTNEJTIyaHR0cHMlM0ElMkYlMkZ3d3cuZ29vZ2xlLmNvbSUyRm1hcHMlMkZlbWJlZCUzRnBiJTNEJTIxMW0xOCUyMTFtMTIlMjExbTMlMjExZDI3MDMuNTc0NzM2Mzg5NzQ5JTIxMmQxMy4zODEwNjc3NTg2NDQyMjUlMjEzZDQ3LjM0MjE3NjAzMjA4OTUxJTIxMm0zJTIxMWYwJTIxMmYwJTIxM2YwJTIxM20yJTIxMWkxMDI0JTIxMmk3NjglMjE0ZjEzLjElMjEzbTMlMjExbTIlMjExczB4NDc3NmQ0ZTViOTRmZGEwZiUyNTNBMHg4OTE5NjQwNDU2YWM0YTM1JTIxMnNBcGFydCUyNTIwSmFzbWluJTIxNWUwJTIxM20yJTIxMXNkZSUyMTJzYXQlMjE0djE3MTU0OTgwODk5MTklMjE1bTIlMjExc2RlJTIxMnNhdCUyMiUyMHdpZHRoJTNEJTIyNjAwJTIyJTIwaGVpZ2h0JTNEJTIyNDUwJTIyJTIwc3R5bGUlM0QlMjJib3JkZXIlM0EwJTNCJTIyJTIwYWxsb3dmdWxsc2NyZWVuJTNEJTIyJTIyJTIwbG9hZGluZyUzRCUyMmxhenklMjIlMjByZWZlcnJlcnBvbGljeSUzRCUyMm5vLXJlZmVycmVyLXdoZW4tZG93bmdyYWRlJTIyJTNFJTNDJTJGaWZyYW1lJTNF&#8221;][\/vc_column][\/vc_row][\/vc_section][vc_row][vc_column][vc_empty_space height=&#8221;40px&#8221;][vc_column_text]<\/p>\n<p style=\"text-align: justify;\">Nach Absenden des Kontaktformulars erfolgt eine Verarbeitung der oben angef\u00fchrten Daten durch den datenschutzrechtlich Verantwortlichen Apart Jasmin, Jasmin Schichtle,\u00a0Oberhofweg 447,\u00a0A-5542 Flachau,\u00a0office@apartjasmin.at, zum Zweck der Bearbeitung Ihrer Anfrage auf Grundlage Ihrer durch das Absenden des Formulars erteilten Einwilligung. Es erfolgt eine Weiterverarbeitung der Daten zum Zweck der Direktwerbung, welche mit dem urspr\u00fcnglichen Verarbeitungszweck vereinbar ist, auf derselben Rec\u00adhtsgrundlage bis auf Widerspruch. Es besteht keine gesetzliche oder vertragliche Verpflichtung zur Bereitstellung der personenbezogenen Daten. Die Nichtbereitstellung hat lediglich zur Folge, dass Sie Ihr Anliegen nicht \u00fcbermitteln und wir dieses nicht bearbeiten k\u00f6nnen. Eine Weitergabe an andere Empf\u00e4nger erfolgt nicht. Sie haben das Recht, Ihre Einwilligung jederzeit durch schriftliche Mitteilung zu widerrufen, ohne dass die Rechtm\u00e4\u00dfigkeit der aufgrund der Einwilligung bis zum Widerruf erfolgten Verarbeitung ber\u00fchrt wird. Sie haben das Recht, der Verwendung Ihrer personenbezogenen Daten zum Zweck der Direktwerbung jederzeit durch schriftliche Mitteilung zu widersprechen. Im Fall des Widerspruchs werden Ihre personenbezogenen Daten nicht mehr zum Zweck der Direktwerbung verarbeitet. Sie haben das Recht auf Auskunft, Berichtigung, L\u00f6schung, Einschr\u00e4nkung der Verarbeitung und \u00dcbertragbarkeit Ihrer personenbezogenen Daten sowie das Recht auf Beschwerde bei der Aufsichtsbeh\u00f6rde (\u00d6sterreichische Datenschutzbeh\u00f6rde, Wickenburggasse 8, 1080 Wien,\u00a0<a href=\"mailto:dsb@dsb.gv.at)\">dsb@dsb.gv.at)<\/a>.<\/p>\n<p>[\/vc_column_text][\/vc_column][\/vc_row]<\/p>\n<\/div>","protected":false},"excerpt":{"rendered":"<p>[vc_section][vc_row full_width=&#8221;stretch_row&#8221; css=&#8221;.vc_custom_1612606864379{padding-top: 70px !important;background-image: url(https:\/\/apartjasmin.at\/wp-content\/uploads\/2021\/02\/IMG_7109-scaled-e1612606794884.jpeg?id=1509) !important;background-position: center !important;background-repeat: no-repeat !important;background-size: cover !important;}&#8221;][vc_column width=&#8221;1\/2&#8243; el_class=&#8221;sohohotel-dark-contact-form&#8221;][vc_empty_space height=&#8221;40px&#8221;][\/vc_column][vc_column width=&#8221;1\/2&#8243;][vc_column_text] Apart Jasmin, Oberhofweg 447, 5542 Flachau[\/vc_column_text][vc_column_text] +43 (0) 664 44 28 773[\/vc_column_text][vc_column_text] office@apartjasmin.at[\/vc_column_text][vc_gmaps link=&#8221;#E-8_JTNDaWZyYW1lJTIwc3JjJTNEJTIyaHR0cHMlM0ElMkYlMkZ3d3cuZ29vZ2xlLmNvbSUyRm1hcHMlMkZlbWJlZCUzRnBiJTNEJTIxMW0xOCUyMTFtMTIlMjExbTMlMjExZDI3MDMuNTc0NzM2Mzg5NzQ5JTIxMmQxMy4zODEwNjc3NTg2NDQyMjUlMjEzZDQ3LjM0MjE3NjAzMjA4OTUxJTIxMm0zJTIxMWYwJTIxMmYwJTIxM2YwJTIxM20yJTIxMWkxMDI0JTIxMmk3NjglMjE0ZjEzLjElMjEzbTMlMjExbTIlMjExczB4NDc3NmQ0ZTViOTRmZGEwZiUyNTNBMHg4OTE5NjQwNDU2YWM0YTM1JTIxMnNBcGFydCUyNTIwSmFzbWluJTIxNWUwJTIxM20yJTIxMXNkZSUyMTJzYXQlMjE0djE3MTU0OTgwODk5MTklMjE1bTIlMjExc2RlJTIxMnNhdCUyMiUyMHdpZHRoJTNEJTIyNjAwJTIyJTIwaGVpZ2h0JTNEJTIyNDUwJTIyJTIwc3R5bGUlM0QlMjJib3JkZXIlM0EwJTNCJTIyJTIwYWxsb3dmdWxsc2NyZWVuJTNEJTIyJTIyJTIwbG9hZGluZyUzRCUyMmxhenklMjIlMjByZWZlcnJlcnBvbGljeSUzRCUyMm5vLXJlZmVycmVyLXdoZW4tZG93bmdyYWRlJTIyJTNFJTNDJTJGaWZyYW1lJTNF&#8221;][\/vc_column][\/vc_row][\/vc_section][vc_row][vc_column][vc_empty_space height=&#8221;40px&#8221;][vc_column_text] Nach Absenden des Kontaktformulars erfolgt eine Verarbeitung der oben angef\u00fchrten Daten durch den datenschutzrechtlich Verantwortlichen Apart Jasmin, Jasmin Schichtle,\u00a0Oberhofweg 447,\u00a0A-5542 Flachau,\u00a0office@apartjasmin.at, zum Zweck<\/p>\n<a href=\"https:\/\/apartjasmin.at\/en\/contact-us\/\" class=\"sohohotel-more-link\">Read More<i class=\"fa fa-angle-right\"><\/i><\/a>","protected":false},"author":1,"featured_media":493,"parent":0,"menu_order":0,"comment_status":"closed","ping_status":"closed","template":"","meta":{"footnotes":""},"class_list":["post-87","page","type-page","status-publish","has-post-thumbnail","hentry"],"yoast_head":"<!-- This site is optimized with the Yoast SEO Premium plugin v26.5 (Yoast SEO v27.4) - https:\/\/yoast.com\/product\/yoast-seo-premium-wordpress\/ -->\n<title>Contact Us | Apart Jasmin | Flachau<\/title>\n<meta name=\"description\" content=\"Contact Apart Jasmin Flachau directly on our website to get a relaxing stay with us, we will get back to you soon.\" \/>\n<meta name=\"robots\" content=\"index, follow, max-snippet:-1, max-image-preview:large, max-video-preview:-1\" \/>\n<link rel=\"canonical\" href=\"https:\/\/apartjasmin.at\/en\/contact-us\/\" \/>\n<meta property=\"og:locale\" content=\"en_US\" \/>\n<meta property=\"og:type\" content=\"article\" \/>\n<meta property=\"og:title\" content=\"Contact Us\" \/>\n<meta property=\"og:description\" content=\"Contact Apart Jasmin Flachau directly on our website to get a relaxing stay with us, we will get back to you soon.\" \/>\n<meta property=\"og:url\" content=\"https:\/\/apartjasmin.at\/en\/contact-us\/\" \/>\n<meta property=\"og:site_name\" content=\"property\" \/>\n<meta property=\"article:modified_time\" content=\"2024-05-12T18:15:13+00:00\" \/>\n<meta property=\"og:image\" content=\"https:\/\/apartjasmin.at\/wp-content\/uploads\/2020\/12\/logo_logo-2-.png\" \/>\n\t<meta property=\"og:image:width\" content=\"170\" \/>\n\t<meta property=\"og:image:height\" content=\"69\" \/>\n\t<meta property=\"og:image:type\" content=\"image\/png\" \/>\n<meta name=\"twitter:card\" content=\"summary_large_image\" \/>\n<meta name=\"twitter:label1\" content=\"Est. reading time\" \/>\n\t<meta name=\"twitter:data1\" content=\"2 minutes\" \/>\n<script type=\"application\/ld+json\" class=\"yoast-schema-graph\">{\"@context\":\"https:\\\/\\\/schema.org\",\"@graph\":[{\"@type\":\"WebPage\",\"@id\":\"https:\\\/\\\/apartjasmin.at\\\/en\\\/contact-us\\\/\",\"url\":\"https:\\\/\\\/apartjasmin.at\\\/en\\\/contact-us\\\/\",\"name\":\"Contact Us | Apart Jasmin | Flachau\",\"isPartOf\":{\"@id\":\"https:\\\/\\\/apartjasmin.at\\\/en\\\/#website\"},\"primaryImageOfPage\":{\"@id\":\"https:\\\/\\\/apartjasmin.at\\\/en\\\/contact-us\\\/#primaryimage\"},\"image\":{\"@id\":\"https:\\\/\\\/apartjasmin.at\\\/en\\\/contact-us\\\/#primaryimage\"},\"thumbnailUrl\":\"https:\\\/\\\/apartjasmin.at\\\/wp-content\\\/uploads\\\/2020\\\/12\\\/logo_logo-2-.png\",\"datePublished\":\"2020-12-01T18:55:15+00:00\",\"dateModified\":\"2024-05-12T18:15:13+00:00\",\"description\":\"Contact Apart Jasmin Flachau directly on our website to get a relaxing stay with us, we will get back to you soon.\",\"breadcrumb\":{\"@id\":\"https:\\\/\\\/apartjasmin.at\\\/en\\\/contact-us\\\/#breadcrumb\"},\"inLanguage\":\"en-US\",\"potentialAction\":[{\"@type\":\"ReadAction\",\"target\":[\"https:\\\/\\\/apartjasmin.at\\\/en\\\/contact-us\\\/\"]}]},{\"@type\":\"ImageObject\",\"inLanguage\":\"en-US\",\"@id\":\"https:\\\/\\\/apartjasmin.at\\\/en\\\/contact-us\\\/#primaryimage\",\"url\":\"https:\\\/\\\/apartjasmin.at\\\/wp-content\\\/uploads\\\/2020\\\/12\\\/logo_logo-2-.png\",\"contentUrl\":\"https:\\\/\\\/apartjasmin.at\\\/wp-content\\\/uploads\\\/2020\\\/12\\\/logo_logo-2-.png\",\"width\":170,\"height\":69,\"caption\":\"contact us\"},{\"@type\":\"BreadcrumbList\",\"@id\":\"https:\\\/\\\/apartjasmin.at\\\/en\\\/contact-us\\\/#breadcrumb\",\"itemListElement\":[{\"@type\":\"ListItem\",\"position\":1,\"name\":\"Home\",\"item\":\"https:\\\/\\\/apartjasmin.at\\\/en\\\/\"},{\"@type\":\"ListItem\",\"position\":2,\"name\":\"Contact Us\"}]},{\"@type\":\"WebSite\",\"@id\":\"https:\\\/\\\/apartjasmin.at\\\/en\\\/#website\",\"url\":\"https:\\\/\\\/apartjasmin.at\\\/en\\\/\",\"name\":\"property\",\"description\":\"Just another WordPress site\",\"potentialAction\":[{\"@type\":\"SearchAction\",\"target\":{\"@type\":\"EntryPoint\",\"urlTemplate\":\"https:\\\/\\\/apartjasmin.at\\\/en\\\/?s={search_term_string}\"},\"query-input\":{\"@type\":\"PropertyValueSpecification\",\"valueRequired\":true,\"valueName\":\"search_term_string\"}}],\"inLanguage\":\"en-US\"}]}<\/script>\n<!-- \/ Yoast SEO Premium plugin. -->","yoast_head_json":{"title":"Contact Us | Apart Jasmin | Flachau","description":"Contact Apart Jasmin Flachau directly on our website to get a relaxing stay with us, we will get back to you soon.","robots":{"index":"index","follow":"follow","max-snippet":"max-snippet:-1","max-image-preview":"max-image-preview:large","max-video-preview":"max-video-preview:-1"},"canonical":"https:\/\/apartjasmin.at\/en\/contact-us\/","og_locale":"en_US","og_type":"article","og_title":"Contact Us","og_description":"Contact Apart Jasmin Flachau directly on our website to get a relaxing stay with us, we will get back to you soon.","og_url":"https:\/\/apartjasmin.at\/en\/contact-us\/","og_site_name":"property","article_modified_time":"2024-05-12T18:15:13+00:00","og_image":[{"width":170,"height":69,"url":"https:\/\/apartjasmin.at\/wp-content\/uploads\/2020\/12\/logo_logo-2-.png","type":"image\/png"}],"twitter_card":"summary_large_image","twitter_misc":{"Est. reading time":"2 minutes"},"schema":{"@context":"https:\/\/schema.org","@graph":[{"@type":"WebPage","@id":"https:\/\/apartjasmin.at\/en\/contact-us\/","url":"https:\/\/apartjasmin.at\/en\/contact-us\/","name":"Contact Us | Apart Jasmin | Flachau","isPartOf":{"@id":"https:\/\/apartjasmin.at\/en\/#website"},"primaryImageOfPage":{"@id":"https:\/\/apartjasmin.at\/en\/contact-us\/#primaryimage"},"image":{"@id":"https:\/\/apartjasmin.at\/en\/contact-us\/#primaryimage"},"thumbnailUrl":"https:\/\/apartjasmin.at\/wp-content\/uploads\/2020\/12\/logo_logo-2-.png","datePublished":"2020-12-01T18:55:15+00:00","dateModified":"2024-05-12T18:15:13+00:00","description":"Contact Apart Jasmin Flachau directly on our website to get a relaxing stay with us, we will get back to you soon.","breadcrumb":{"@id":"https:\/\/apartjasmin.at\/en\/contact-us\/#breadcrumb"},"inLanguage":"en-US","potentialAction":[{"@type":"ReadAction","target":["https:\/\/apartjasmin.at\/en\/contact-us\/"]}]},{"@type":"ImageObject","inLanguage":"en-US","@id":"https:\/\/apartjasmin.at\/en\/contact-us\/#primaryimage","url":"https:\/\/apartjasmin.at\/wp-content\/uploads\/2020\/12\/logo_logo-2-.png","contentUrl":"https:\/\/apartjasmin.at\/wp-content\/uploads\/2020\/12\/logo_logo-2-.png","width":170,"height":69,"caption":"contact us"},{"@type":"BreadcrumbList","@id":"https:\/\/apartjasmin.at\/en\/contact-us\/#breadcrumb","itemListElement":[{"@type":"ListItem","position":1,"name":"Home","item":"https:\/\/apartjasmin.at\/en\/"},{"@type":"ListItem","position":2,"name":"Contact Us"}]},{"@type":"WebSite","@id":"https:\/\/apartjasmin.at\/en\/#website","url":"https:\/\/apartjasmin.at\/en\/","name":"property","description":"Just another WordPress site","potentialAction":[{"@type":"SearchAction","target":{"@type":"EntryPoint","urlTemplate":"https:\/\/apartjasmin.at\/en\/?s={search_term_string}"},"query-input":{"@type":"PropertyValueSpecification","valueRequired":true,"valueName":"search_term_string"}}],"inLanguage":"en-US"}]}},"_links":{"self":[{"href":"https:\/\/apartjasmin.at\/en\/wp-json\/wp\/v2\/pages\/87","targetHints":{"allow":["GET"]}}],"collection":[{"href":"https:\/\/apartjasmin.at\/en\/wp-json\/wp\/v2\/pages"}],"about":[{"href":"https:\/\/apartjasmin.at\/en\/wp-json\/wp\/v2\/types\/page"}],"author":[{"embeddable":true,"href":"https:\/\/apartjasmin.at\/en\/wp-json\/wp\/v2\/users\/1"}],"replies":[{"embeddable":true,"href":"https:\/\/apartjasmin.at\/en\/wp-json\/wp\/v2\/comments?post=87"}],"version-history":[{"count":10,"href":"https:\/\/apartjasmin.at\/en\/wp-json\/wp\/v2\/pages\/87\/revisions"}],"predecessor-version":[{"id":2975,"href":"https:\/\/apartjasmin.at\/en\/wp-json\/wp\/v2\/pages\/87\/revisions\/2975"}],"wp:featuredmedia":[{"embeddable":true,"href":"https:\/\/apartjasmin.at\/en\/wp-json\/wp\/v2\/media\/493"}],"wp:attachment":[{"href":"https:\/\/apartjasmin.at\/en\/wp-json\/wp\/v2\/media?parent=87"}],"curies":[{"name":"wp","href":"https:\/\/api.w.org\/{rel}","templated":true}]}}